{"id":1315,"date":"2018-11-28T10:17:53","date_gmt":"2018-11-28T08:17:53","guid":{"rendered":"https:\/\/inkubaator.tallinn.ee\/privaatsuspoliitika\/"},"modified":"2018-12-20T11:46:31","modified_gmt":"2018-12-20T09:46:31","slug":"privacy-policy","status":"publish","type":"page","link":"https:\/\/inkubaator.tallinn.ee\/en\/privacy-policy\/","title":{"rendered":"Privacy Policy"},"content":{"rendered":"<p>&nbsp;<\/p>\n<p><b>Kes Sinu andmeid t\u00f6\u00f6tleb?<\/b><\/p>\n<p><span style=\"font-weight: 400;\">SA Tallinna Ettev\u00f5teusinkubaatorid austab Sinu privaatsust. Meie jaoks on t\u00e4htis, et Sa teaksid, milliseid isikuandmeid me t\u00f6\u00f6tleme, miks me seda teeme ja millised on Sinu \u00f5igused. Seet\u00f5ttu soovitame l\u00e4bi lugeda k\u00e4esolevad privaatsuspoliitika p\u00f5him\u00f5tted, mis annavad Sulle rohkem teavet selle kohta, kuidas SA Tallinna Ettev\u00f5teusinkubaatorid Sinu isikuandmeid t\u00f6\u00f6tleb.<\/span><\/p>\n<p><span style=\"font-weight: 400;\">Me v\u00f5ime Sinu isikuandmeid t\u00f6\u00f6delda erinevatel viisidel ja eri olukordades s\u00f5ltuvalt sellest, kas Sa oled kliendi, tarnija v\u00f5i koost\u00f6\u00f6partneri esindaja. Me v\u00f5ime t\u00f6\u00f6delda ka meie veebisaidi (veebisaitide) k\u00fclastajate isikuandmeid. Lubame, et olenemata olukorrast ei m\u00fc\u00fc me Sinu isikuandmeid, ei kauple nendega ega kasuta neid andmekaitsealaste \u00f5igusaktide vastaselt.<\/span><\/p>\n<p><span style=\"font-weight: 400;\">SA Tallinna Ettev\u00f5tlusinkubaatorid on isikuandmete vastutav t\u00f6\u00f6tleja, Teie ettev\u00f5te edastab maksete teostamiseks vajalikud isikuandmed volitatud t\u00f6\u00f6tleja Maksekeskus AS-le.<\/span><span style=\"font-weight: 400;\"> Kui Sa soovid meie poole p\u00f6\u00f6rduda m\u00f5ne isikuandmeid puudutava k\u00fcsimuse v\u00f5i taotlusega v\u00f5i teatada meile isikuandmetega seotud rikkumisest, palun kirjuta meile info@inkubaator.ee.<\/span><\/p>\n<p><span style=\"font-weight: 400;\">Kui meie vastus Sind ei rahulda v\u00f5i Sa leiad, et me t\u00f6\u00f6tleme Sinu andmeid ebaausalt v\u00f5i ebaseaduslikult, v\u00f5id Sa esitada kaebuse Andmekaitse Inspektsioonile (AKI). Lisateavet AKI ja sealse kaebuste k\u00e4sitlemise kohta leiad AKI kodulehelt: <\/span><a href=\"http:\/\/www.aki.ee\/et\/inspektsioon\/poordu-inspektsiooni-poole\"><span style=\"font-weight: 400;\">http:\/\/www.aki.ee\/et\/inspektsioon\/poordu-inspektsiooni-poole<\/span><\/a><span style=\"font-weight: 400;\">.<\/span><\/p>\n<p><b>Milliseid Sinu andmeid me t\u00f6\u00f6tleme ja miks?<\/b><\/p>\n<p><span style=\"font-weight: 400;\">Me kogume ja s\u00e4ilitame lepinguliste ja \u00e4risuhete haldamiseks vajalikku teavet. Sinuga suhtlemiseks vajame Sinu ees- ja perekonnanime, ametinimetust ja kontaktandmeid nagu telefoninumber, e-posti aadress ja aadress. Kui Sa digiallkirjastad meiega lepingu, salvestame ka Sinu isikukoodi ning vajadusel kontrollime Sinu esindus\u00f5igust t\u00f5endavaid andmeid \u00e4riregistrist. Kui Sa osaled projektides f\u00fc\u00fcsilise isikuna v\u00f5i tellid m\u00f5ne meie tasulise teenuse, vajame ka Sinuga arveldamiseks vajalikku infot. Lisaks kasutame Sinu meiliaadressi tagasiside k\u00fcsimiseks meie teenuste kohta.<\/span><\/p>\n<p><span style=\"font-weight: 400;\">Delikaatseid isikuandmeid Sinu kohta me ei kogu ega t\u00f6\u00f6tle. Samuti ei kasuta me Sinu isikuandmeid profiilianal\u00fc\u00fcsi ega automaatsete otsuste tegemiseks.<\/span><\/p>\n<p><b>Kellega me Sinu andmeid jagame?<\/b><\/p>\n<p><span style=\"font-weight: 400;\">SA Tallinna Ettev\u00f5teusinkubaatorid \u00fcheks eesm\u00e4rgiks \u00e4riarendusteenuste pakkumisel on viia ettev\u00f5tted kiiresti kokku \u00f5igete inimestega \u2013 mentorite, v\u00f5rgustike, ekspertidega. Seega, kui Sa kasutad meie \u00e4riteenuseid v\u00f5i osaled programmis, jagame me Sinu andmeid teiste projektis osalejatega.<\/span><\/p>\n<p><span style=\"font-weight: 400;\">Kui Sa teed meiega koost\u00f6\u00f6d mentori v\u00f5i eksperdina, on meil \u00f5igustatud huvi jagada Sinu andmeid teiste vastavas projektis osalejatega; ettev\u00f5tetega, kes osalevad inkubaatoris; ja avalikustada Sinu andmed inkubaatori veebilehel nii, nagu Sina end soovid tutvustada.<\/span><\/p>\n<p><span style=\"font-weight: 400;\">Kui Sa osaled m\u00f5nes SA Tallinna Ettev\u00f5teusinkubaatorid projektis, v\u00f5ib meil olla kohustus jagada Sinu andmeid projektis osalemise kohta projekti raportis antud projekti rahastaja v\u00f5i koordineerijaga (kelleks v\u00f5ib olla n\u00e4iteks Rahandusministeerium v\u00f5i EAS).<\/span><\/p>\n<p><span style=\"font-weight: 400;\">Kui Tallinna Loomeinkubaatorl korraldab projekti raames reise, millel Sa osaled, peame Sinu kontaktandmeid ja vajadusel dokumendiandmeid jagama reisikorraldusega seotud teenuseosutajatega (eelk\u00f5ige transpordi- ning majutusettev\u00f5tted).<\/span><\/p>\n<p><span style=\"font-weight: 400;\">Kui sa ostad pileti m\u00f5nele meie poolt korraldatavale tasulisele s\u00fcndmusele ning maksad pangalingi kaudu, siis jagatakse makse teostamiseks vajalikke andmeid Maksekeskuse ja Sinu valitud pangaga.<\/span><\/p>\n<p><span style=\"font-weight: 400;\">Juurdep\u00e4\u00e4s Sinu isikuandmetele on ka SA Tallinna Ettev\u00f5teusinkubaatorid t\u00f6\u00f6tajatel. Juurdep\u00e4\u00e4s antakse vaid ulatuses, mis on vajalik t\u00f6\u00f6\u00fclesannete t\u00e4itmiseks, ning k\u00f5ik meie t\u00f6\u00f6tajad on seotud konfidentsiaalsuskohustusega.<\/span><\/p>\n<p><b>Kas Sinu andmeid edastatakse v\u00e4ljapoole Euroopat?<\/b><\/p>\n<p><span style=\"font-weight: 400;\">Me v\u00f5ime aeg-ajalt Sinu andmete s\u00e4ilitamiseks kasutada kolmandast isikust teenuseosutajaid, kellel v\u00f5ib olla juurdep\u00e4\u00e4s Sinu andmetele (n\u00e4iteks pilveteenuste puhul). Need teenuseosutajad v\u00f5ivad asuda v\u00e4ljaspool Euroopa Majanduspiirkonda, sealhulgas Ameerika \u00dchendriikides (USA). Me ei edasta sellises olukorras Sinu andmeid kunagi v\u00e4ljapoole Euroopa Majanduspiirkonda, tagamata Sinu isikuandmete turvalisust ja kaitset. Nii kontrollime alati, et USA-s tegutsevad teenuseosutajad oleksid USA ja Euroopa Liidu koost\u00f6\u00f6programmi Privacy Shield osalised, millega USA ettev\u00f5tted v\u00f5tavad endale kohustuse tagada k\u00f5rgema privaatsusekaitse taseme, kui on n\u00f5utud USA seadustega.<\/span><\/p>\n<p><span style=\"font-weight: 400;\">\u00c4riarendusprojektide k\u00e4igus, kus SA Tallinna Ettev\u00f5teusinkubaatorid aitab Sinuga seotud ettev\u00f5ttel Euroopa Majanduspiirkonnast v\u00e4ljaspool asuvatele v\u00e4listurgudele j\u00f5uda, v\u00f5ib olla vajalik Sinu andmete edastamine kolmandatesse riikidesse, kus isikuandmete kaitse tase ei pruugi olla Eestiga samav\u00e4\u00e4rne. Sel juhul edastame andmed vaid juhul, kui see on m\u00f6\u00f6dap\u00e4\u00e4smatult vajalik Sinuga s\u00f5lmitud lepingu t\u00e4itmiseks.<\/span><\/p>\n<p><b>Kui kaua me Sinu isikuandmeid s\u00e4ilitame?<\/b><\/p>\n<p><span style=\"font-weight: 400;\">S\u00e4ilitame Sinu andmeid nii kaua, kui on vajalik eesm\u00e4rgi saavutamiseks, eelk\u00f5ige kuni meie lepingu l\u00f5ppemiseni, v\u00f5i \u00f5igusaktist tuleneva aegumist\u00e4htajani, v\u00f5i kuniks SA Tallinna Ettev\u00f5teusinkubaatorid oleks vajadusel v\u00f5imalik end \u00f5iguslike n\u00f5uete eest kaitsta.<\/span><\/p>\n<p><b>Millised on Sinu \u00f5igused?<\/b><\/p>\n<p><span style=\"font-weight: 400;\">SA Tallinna Ettev\u00f5teusinkubaatorid ei unusta, et Sinu isikuandmed on Sinu omad, ning me soovime, et v\u00f5iksid meid isikuandmete t\u00f6\u00f6tlemise osas usaldada. Isegi, kui me ei vaja Sinu isikuandmete t\u00f6\u00f6tlemiseks Sinu n\u00f5usolekut, on Sul seoses Sinu andmete t\u00f6\u00f6tlemisega siiski mitmed olulised \u00f5igused.<\/span><\/p>\n<p><b>\u00d5igus andmetega tutvuda<\/b><\/p>\n<p><span style=\"font-weight: 400;\">Sa v\u00f5id k\u00fcsida teavet selle kohta, kuidas me Sinu isikuandmeid t\u00f6\u00f6tleme, sealhulgas:<\/span><span style=\"font-weight: 400;\"><br \/><\/span><span style=\"font-weight: 400;\">\u00b7 \u00a0\u00a0<\/span> <span style=\"font-weight: 400;\">miks me Sinu isikuandmeid t\u00f6\u00f6tleme;<\/span><span style=\"font-weight: 400;\"><br \/><\/span><span style=\"font-weight: 400;\">\u00b7 \u00a0\u00a0<\/span> <span style=\"font-weight: 400;\">mis liiki isikuandmeid me t\u00f6\u00f6tleme;<\/span><span style=\"font-weight: 400;\"><br \/><\/span><span style=\"font-weight: 400;\">\u00b7 \u00a0\u00a0<\/span> <span style=\"font-weight: 400;\">millistest allikatest me Sinu andmeid saame;<\/span><span style=\"font-weight: 400;\"><br \/><\/span><span style=\"font-weight: 400;\">\u00b7 \u00a0\u00a0<\/span> <span style=\"font-weight: 400;\">kellega me Sinu isikuandmeid jagame;<\/span><span style=\"font-weight: 400;\"><br \/><\/span><span style=\"font-weight: 400;\">\u00b7 \u00a0\u00a0<\/span> <span style=\"font-weight: 400;\">kui kaua me Sinu isikuandmeid s\u00e4ilitame;<\/span><span style=\"font-weight: 400;\"><br \/><\/span><span style=\"font-weight: 400;\">\u00b7 \u00a0\u00a0<\/span> <span style=\"font-weight: 400;\">millised on Sinu \u00f5igused;<\/span><\/p>\n<p><span style=\"font-weight: 400;\">Sa v\u00f5id k\u00fcsida juurdep\u00e4\u00e4su andmetele, mida Tallinna Loomeinkubaator Sinu kohta t\u00f6\u00f6tleb. Kui isikuandmete t\u00f6\u00f6tlemine toimub Sinu n\u00f5usolekul v\u00f5i Sinuga s\u00f5lmitud lepingu t\u00e4itmiseks ning Sa oled andmed meile ise esitanud, on Sul \u00f5igus n\u00f5uda, et v\u00e4ljastaksime need Sulle v\u00f5i Sinu poolt n\u00e4idatud kolmandale isikule.<\/span><\/p>\n<p><b>\u00d5igus andmeid parandada<\/b><\/p>\n<p><span style=\"font-weight: 400;\">On t\u00e4htis, et me ei kasutaks Sinu kohta vananenud andmeid ja Sul on alati \u00f5igus n\u00f5uda, et me parandaksime Su andmed. Seet\u00f5ttu palume, et teataksid meile, kui Sinu andmed on muutunud (n\u00e4iteks kasutad uut telefoninumbrit).<\/span><\/p>\n<p>&nbsp;<\/p>\n<p><b>\u00d5igus olla unustatud<\/b><\/p>\n<p><span style=\"font-weight: 400;\">Kui me t\u00f6\u00f6tleme Sinu isikuandmeid ebaseaduslikult, ilma p\u00f5hjuseta v\u00f5i kauem kui vajalik, on sul \u00f5igus paluda, et me Su andmed kustutaksime.<\/span><\/p>\n<p>&nbsp;<\/p>\n<p><b>\u00d5igus isikuandmete t\u00f6\u00f6tlemise piiramisele<\/b><\/p>\n<p><span style=\"font-weight: 400;\">Sul on \u00f5igus n\u00f5uda isikuandmete t\u00f6\u00f6tlemise piiramist (peatamist), kui Sa oled vaidlustanud isikuandmete \u00f5igsuse; isikuandmete t\u00f6\u00f6tlemine on ebaseaduslik, kuid Sa ei soovi andmete kustutamist vaid nende kasutamise piiramist; Tallinna Loomeinkubaatoril on isikuandmeid vaja s\u00e4ilitada vaid \u00f5igusn\u00f5uete kaitsmiseks; v\u00f5i kui Sa oled esitanud isikuandmete t\u00f6\u00f6tlemisele vastuv\u00e4ite ja me alles kontrollime, kas meie \u00a0\u00f5igusp\u00e4rased p\u00f5hjused kaaluvad \u00fcles Sinu esitatud p\u00f5hjused.<\/span><\/p>\n<p>&nbsp;<\/p>\n<p><b>\u00d5igus esitada vastuv\u00e4iteid<\/b><\/p>\n<p><span style=\"font-weight: 400;\">Kui Sa leiad, et Tallinna Loomeinkubaatoril ei ole \u00f5igust Sinu isikuandmeid t\u00f6\u00f6delda, v\u00f5id t\u00f6\u00f6tlemisele esitada oma vastuv\u00e4ite. Sellisel juhul v\u00f5ime t\u00f6\u00f6tlemist j\u00e4tkata vaid siis, kui me esitame kaalukad p\u00f5hjendused, mis kaaluvad \u00fcles Sinu \u00f5igused. Siiski v\u00f5ime me Sinu andmeid igal juhul edasi t\u00f6\u00f6delda \u00f5igusn\u00f5uete kaitsmiseks.<\/span><\/p>\n<p>&nbsp;<\/p>\n<p><b>\u00d5igus n\u00f5usolek tagasi v\u00f5tta<\/b><\/p>\n<p><span style=\"font-weight: 400;\">Sinu n\u00f5usolek ei ole k\u00fcll \u00fcldjuhul Tallinna Loomeinkubaatori andmet\u00f6\u00f6tluse aluseks (t\u00f6\u00f6tleme andmeid pigem vaid sellises ulatuses, mis on vajalik lepingu t\u00e4itmiseks), ent m\u00f5ned t\u00f6\u00f6tlustoimingud v\u00f5ivad siiski Sinu n\u00f5usolekul p\u00f5hineda. Sel juhul on Sul \u00f5igus n\u00f5usolek igal ajal tagasi v\u00f5tta ning me l\u00f5petame andmet\u00f6\u00f6tlustoimingud sellel \u00f5iguslikul alusel. Tagasiv\u00f5tmine ei m\u00f5juta tagasiulatuvalt neid andmet\u00f6\u00f6tlustoiminguid, mis me tegime Sinu n\u00f5usoleku kehtivuse ajal.<\/span><\/p>\n<p>&nbsp;<\/p>\n","protected":false},"excerpt":{"rendered":"<p>&nbsp; Kes Sinu andmeid t\u00f6\u00f6tleb? SA Tallinna Ettev\u00f5teusinkubaatorid austab Sinu privaatsust. Meie jaoks on t\u00e4htis, et Sa teaksid, milliseid isikuandmeid me t\u00f6\u00f6tleme, miks me seda teeme ja millised on Sinu \u00f5igused. Seet\u00f5ttu soovitame l\u00e4bi lugeda k\u00e4esolevad privaatsuspoliitika p\u00f5him\u00f5tted, mis annavad Sulle rohkem teavet selle kohta, kuidas SA Tallinna Ettev\u00f5teusinkubaatorid Sinu isikuandmeid t\u00f6\u00f6tleb. Me v\u00f5ime Sinu isikuandmeid t\u00f6\u00f6delda erinevatel viisidel ja eri olukordades s\u00f5ltuvalt sellest, kas Sa oled kliendi, tarnija v\u00f5i koost\u00f6\u00f6partneri esindaja. Me v\u00f5ime t\u00f6\u00f6delda ka meie veebisaidi (veebisaitide) k\u00fclastajate isikuandmeid. Lubame, et olenemata olukorrast ei m\u00fc\u00fc me Sinu isikuandmeid, ei kauple nendega ega kasuta neid andmekaitsealaste \u00f5igusaktide vastaselt. SA\u2026<\/p>\n","protected":false},"author":1,"featured_media":0,"parent":0,"menu_order":0,"comment_status":"closed","ping_status":"closed","template":"","meta":{"_acf_changed":false,"footnotes":""},"class_list":["post-1315","page","type-page","status-publish","hentry"],"acf":[],"yoast_head":"<!-- This site is optimized with the Yoast SEO plugin v27.4 - https:\/\/yoast.com\/product\/yoast-seo-wordpress\/ -->\n<title>Privacy Policy - Tallinna Ettev\u00f5tlusinkubaator<\/title>\n<meta name=\"robots\" content=\"index, follow, max-snippet:-1, max-image-preview:large, max-video-preview:-1\" \/>\n<link rel=\"canonical\" href=\"https:\/\/inkubaator.tallinn.ee\/en\/privacy-policy\/\" \/>\n<meta property=\"og:locale\" content=\"en_US\" \/>\n<meta property=\"og:type\" content=\"article\" \/>\n<meta property=\"og:title\" content=\"Privacy Policy - Tallinna Ettev\u00f5tlusinkubaator\" \/>\n<meta property=\"og:description\" content=\"&nbsp; Kes Sinu andmeid t\u00f6\u00f6tleb? SA Tallinna Ettev\u00f5teusinkubaatorid austab Sinu privaatsust. Meie jaoks on t\u00e4htis, et Sa teaksid, milliseid isikuandmeid me t\u00f6\u00f6tleme, miks me seda teeme ja millised on Sinu \u00f5igused. Seet\u00f5ttu soovitame l\u00e4bi lugeda k\u00e4esolevad privaatsuspoliitika p\u00f5him\u00f5tted, mis annavad Sulle rohkem teavet selle kohta, kuidas SA Tallinna Ettev\u00f5teusinkubaatorid Sinu isikuandmeid t\u00f6\u00f6tleb. Me v\u00f5ime Sinu isikuandmeid t\u00f6\u00f6delda erinevatel viisidel ja eri olukordades s\u00f5ltuvalt sellest, kas Sa oled kliendi, tarnija v\u00f5i koost\u00f6\u00f6partneri esindaja. Me v\u00f5ime t\u00f6\u00f6delda ka meie veebisaidi (veebisaitide) k\u00fclastajate isikuandmeid. Lubame, et olenemata olukorrast ei m\u00fc\u00fc me Sinu isikuandmeid, ei kauple nendega ega kasuta neid andmekaitsealaste \u00f5igusaktide vastaselt. SA\u2026\" \/>\n<meta property=\"og:url\" content=\"https:\/\/inkubaator.tallinn.ee\/en\/privacy-policy\/\" \/>\n<meta property=\"og:site_name\" content=\"Tallinna Ettev\u00f5tlusinkubaator\" \/>\n<meta property=\"article:modified_time\" content=\"2018-12-20T09:46:31+00:00\" \/>\n<meta property=\"og:image\" content=\"https:\/\/inkubaator.tallinn.ee\/wp-content\/uploads\/2024\/08\/og-image-1.png\" \/>\n\t<meta property=\"og:image:width\" content=\"1200\" \/>\n\t<meta property=\"og:image:height\" content=\"630\" \/>\n\t<meta property=\"og:image:type\" content=\"image\/png\" \/>\n<meta name=\"twitter:card\" content=\"summary_large_image\" \/>\n<meta name=\"twitter:label1\" content=\"Est. reading time\" \/>\n\t<meta name=\"twitter:data1\" content=\"6 minutes\" \/>\n<script type=\"application\/ld+json\" class=\"yoast-schema-graph\">{\"@context\":\"https:\\\/\\\/schema.org\",\"@graph\":[{\"@type\":\"WebPage\",\"@id\":\"https:\\\/\\\/inkubaator.tallinn.ee\\\/en\\\/privacy-policy\\\/\",\"url\":\"https:\\\/\\\/inkubaator.tallinn.ee\\\/en\\\/privacy-policy\\\/\",\"name\":\"Privacy Policy - Tallinna Ettev\u00f5tlusinkubaator\",\"isPartOf\":{\"@id\":\"https:\\\/\\\/inkubaator.tallinn.ee\\\/#website\"},\"datePublished\":\"2018-11-28T08:17:53+00:00\",\"dateModified\":\"2018-12-20T09:46:31+00:00\",\"breadcrumb\":{\"@id\":\"https:\\\/\\\/inkubaator.tallinn.ee\\\/en\\\/privacy-policy\\\/#breadcrumb\"},\"inLanguage\":\"en-US\",\"potentialAction\":[{\"@type\":\"ReadAction\",\"target\":[\"https:\\\/\\\/inkubaator.tallinn.ee\\\/en\\\/privacy-policy\\\/\"]}]},{\"@type\":\"BreadcrumbList\",\"@id\":\"https:\\\/\\\/inkubaator.tallinn.ee\\\/en\\\/privacy-policy\\\/#breadcrumb\",\"itemListElement\":[{\"@type\":\"ListItem\",\"position\":1,\"name\":\"Home\",\"item\":\"https:\\\/\\\/inkubaator.tallinn.ee\\\/\"},{\"@type\":\"ListItem\",\"position\":2,\"name\":\"Privacy Policy\"}]},{\"@type\":\"WebSite\",\"@id\":\"https:\\\/\\\/inkubaator.tallinn.ee\\\/#website\",\"url\":\"https:\\\/\\\/inkubaator.tallinn.ee\\\/\",\"name\":\"Tallinna Ettev\u00f5tlusinkubaator\",\"description\":\"Loo enda edulugu\",\"publisher\":{\"@id\":\"https:\\\/\\\/inkubaator.tallinn.ee\\\/#organization\"},\"potentialAction\":[{\"@type\":\"SearchAction\",\"target\":{\"@type\":\"EntryPoint\",\"urlTemplate\":\"https:\\\/\\\/inkubaator.tallinn.ee\\\/?s={search_term_string}\"},\"query-input\":{\"@type\":\"PropertyValueSpecification\",\"valueRequired\":true,\"valueName\":\"search_term_string\"}}],\"inLanguage\":\"en-US\"},{\"@type\":\"Organization\",\"@id\":\"https:\\\/\\\/inkubaator.tallinn.ee\\\/#organization\",\"name\":\"Tallinna Ettev\u00f5tlusinkubaator\",\"url\":\"https:\\\/\\\/inkubaator.tallinn.ee\\\/\",\"logo\":{\"@type\":\"ImageObject\",\"inLanguage\":\"en-US\",\"@id\":\"https:\\\/\\\/inkubaator.tallinn.ee\\\/#\\\/schema\\\/logo\\\/image\\\/\",\"url\":\"https:\\\/\\\/inkubaator.tallinn.ee\\\/wp-content\\\/uploads\\\/2024\\\/08\\\/favicon.webp\",\"contentUrl\":\"https:\\\/\\\/inkubaator.tallinn.ee\\\/wp-content\\\/uploads\\\/2024\\\/08\\\/favicon.webp\",\"width\":512,\"height\":512,\"caption\":\"Tallinna Ettev\u00f5tlusinkubaator\"},\"image\":{\"@id\":\"https:\\\/\\\/inkubaator.tallinn.ee\\\/#\\\/schema\\\/logo\\\/image\\\/\"}}]}<\/script>\n<!-- \/ Yoast SEO plugin. -->","yoast_head_json":{"title":"Privacy Policy - Tallinna Ettev\u00f5tlusinkubaator","robots":{"index":"index","follow":"follow","max-snippet":"max-snippet:-1","max-image-preview":"max-image-preview:large","max-video-preview":"max-video-preview:-1"},"canonical":"https:\/\/inkubaator.tallinn.ee\/en\/privacy-policy\/","og_locale":"en_US","og_type":"article","og_title":"Privacy Policy - Tallinna Ettev\u00f5tlusinkubaator","og_description":"&nbsp; Kes Sinu andmeid t\u00f6\u00f6tleb? SA Tallinna Ettev\u00f5teusinkubaatorid austab Sinu privaatsust. Meie jaoks on t\u00e4htis, et Sa teaksid, milliseid isikuandmeid me t\u00f6\u00f6tleme, miks me seda teeme ja millised on Sinu \u00f5igused. Seet\u00f5ttu soovitame l\u00e4bi lugeda k\u00e4esolevad privaatsuspoliitika p\u00f5him\u00f5tted, mis annavad Sulle rohkem teavet selle kohta, kuidas SA Tallinna Ettev\u00f5teusinkubaatorid Sinu isikuandmeid t\u00f6\u00f6tleb. Me v\u00f5ime Sinu isikuandmeid t\u00f6\u00f6delda erinevatel viisidel ja eri olukordades s\u00f5ltuvalt sellest, kas Sa oled kliendi, tarnija v\u00f5i koost\u00f6\u00f6partneri esindaja. Me v\u00f5ime t\u00f6\u00f6delda ka meie veebisaidi (veebisaitide) k\u00fclastajate isikuandmeid. Lubame, et olenemata olukorrast ei m\u00fc\u00fc me Sinu isikuandmeid, ei kauple nendega ega kasuta neid andmekaitsealaste \u00f5igusaktide vastaselt. SA\u2026","og_url":"https:\/\/inkubaator.tallinn.ee\/en\/privacy-policy\/","og_site_name":"Tallinna Ettev\u00f5tlusinkubaator","article_modified_time":"2018-12-20T09:46:31+00:00","og_image":[{"width":1200,"height":630,"url":"https:\/\/inkubaator.tallinn.ee\/wp-content\/uploads\/2024\/08\/og-image-1.png","type":"image\/png"}],"twitter_card":"summary_large_image","twitter_misc":{"Est. reading time":"6 minutes"},"schema":{"@context":"https:\/\/schema.org","@graph":[{"@type":"WebPage","@id":"https:\/\/inkubaator.tallinn.ee\/en\/privacy-policy\/","url":"https:\/\/inkubaator.tallinn.ee\/en\/privacy-policy\/","name":"Privacy Policy - Tallinna Ettev\u00f5tlusinkubaator","isPartOf":{"@id":"https:\/\/inkubaator.tallinn.ee\/#website"},"datePublished":"2018-11-28T08:17:53+00:00","dateModified":"2018-12-20T09:46:31+00:00","breadcrumb":{"@id":"https:\/\/inkubaator.tallinn.ee\/en\/privacy-policy\/#breadcrumb"},"inLanguage":"en-US","potentialAction":[{"@type":"ReadAction","target":["https:\/\/inkubaator.tallinn.ee\/en\/privacy-policy\/"]}]},{"@type":"BreadcrumbList","@id":"https:\/\/inkubaator.tallinn.ee\/en\/privacy-policy\/#breadcrumb","itemListElement":[{"@type":"ListItem","position":1,"name":"Home","item":"https:\/\/inkubaator.tallinn.ee\/"},{"@type":"ListItem","position":2,"name":"Privacy Policy"}]},{"@type":"WebSite","@id":"https:\/\/inkubaator.tallinn.ee\/#website","url":"https:\/\/inkubaator.tallinn.ee\/","name":"Tallinna Ettev\u00f5tlusinkubaator","description":"Loo enda edulugu","publisher":{"@id":"https:\/\/inkubaator.tallinn.ee\/#organization"},"potentialAction":[{"@type":"SearchAction","target":{"@type":"EntryPoint","urlTemplate":"https:\/\/inkubaator.tallinn.ee\/?s={search_term_string}"},"query-input":{"@type":"PropertyValueSpecification","valueRequired":true,"valueName":"search_term_string"}}],"inLanguage":"en-US"},{"@type":"Organization","@id":"https:\/\/inkubaator.tallinn.ee\/#organization","name":"Tallinna Ettev\u00f5tlusinkubaator","url":"https:\/\/inkubaator.tallinn.ee\/","logo":{"@type":"ImageObject","inLanguage":"en-US","@id":"https:\/\/inkubaator.tallinn.ee\/#\/schema\/logo\/image\/","url":"https:\/\/inkubaator.tallinn.ee\/wp-content\/uploads\/2024\/08\/favicon.webp","contentUrl":"https:\/\/inkubaator.tallinn.ee\/wp-content\/uploads\/2024\/08\/favicon.webp","width":512,"height":512,"caption":"Tallinna Ettev\u00f5tlusinkubaator"},"image":{"@id":"https:\/\/inkubaator.tallinn.ee\/#\/schema\/logo\/image\/"}}]}},"_links":{"self":[{"href":"https:\/\/inkubaator.tallinn.ee\/en\/wp-json\/wp\/v2\/pages\/1315","targetHints":{"allow":["GET"]}}],"collection":[{"href":"https:\/\/inkubaator.tallinn.ee\/en\/wp-json\/wp\/v2\/pages"}],"about":[{"href":"https:\/\/inkubaator.tallinn.ee\/en\/wp-json\/wp\/v2\/types\/page"}],"author":[{"embeddable":true,"href":"https:\/\/inkubaator.tallinn.ee\/en\/wp-json\/wp\/v2\/users\/1"}],"replies":[{"embeddable":true,"href":"https:\/\/inkubaator.tallinn.ee\/en\/wp-json\/wp\/v2\/comments?post=1315"}],"version-history":[{"count":2,"href":"https:\/\/inkubaator.tallinn.ee\/en\/wp-json\/wp\/v2\/pages\/1315\/revisions"}],"predecessor-version":[{"id":1397,"href":"https:\/\/inkubaator.tallinn.ee\/en\/wp-json\/wp\/v2\/pages\/1315\/revisions\/1397"}],"wp:attachment":[{"href":"https:\/\/inkubaator.tallinn.ee\/en\/wp-json\/wp\/v2\/media?parent=1315"}],"curies":[{"name":"wp","href":"https:\/\/api.w.org\/{rel}","templated":true}]}}