{"id":1309,"date":"2018-11-28T10:17:37","date_gmt":"2018-11-28T08:17:37","guid":{"rendered":"https:\/\/inkubaator.tallinn.ee\/muugitingimused\/"},"modified":"2025-02-25T16:44:04","modified_gmt":"2025-02-25T14:44:04","slug":"terms-and-conditions","status":"publish","type":"page","link":"https:\/\/inkubaator.tallinn.ee\/en\/terms-and-conditions\/","title":{"rendered":"Terms and conditions"},"content":{"rendered":"<p><b>Veebilehe inkubaator.tallinn.ee (edaspidi Veebipood) omanik on SA Tallinna Ettev\u00f5tlusinkubaatoris (registrikood <\/b><b>90009231<\/b><b>) asukohaga Kursi tn 3.<\/b><\/p>\n<p><b>M\u00fc\u00fcgilepingu kehtivus, teenuse- ja hinnainfo<\/b><\/p>\n<p><span style=\"font-weight: 400;\">M\u00fc\u00fcgitingimused kehtivad veebilehe kaudu teenuste ostmisel.<\/span><span style=\"font-weight: 400;\"><br \/>\n<\/span><span style=\"font-weight: 400;\">Veebilehel pakutavate teenuste hinnad on m\u00e4rgitud teenuse juurde.<\/span><span style=\"font-weight: 400;\"><br \/>\n<\/span><span style=\"font-weight: 400;\">Teave teenuse kohta on esitatud veebilehel vahetult teenuse juures.<\/span><\/p>\n<p><b>Tellimuse vormistamine<\/b><\/p>\n<p><span style=\"font-weight: 400;\">S\u00fcndmustele registreerudes tuleb valida sobiv s\u00fcndmus, vajutada Registreeri nupule, s\u00fcsteem kuvab sellel ajal ka \u00fcrituse tasu suurust, t\u00e4ita vajalikud andmev\u00e4ljad ning valida, kas maksta soovitakse arvega v\u00f5i pangalingiga. <\/span><span style=\"font-weight: 400;\">SA Tallinna Ettev\u00f5tlusinkubaatorid on isikuandmete vastutav t\u00f6\u00f6tleja, Teie ettev\u00f5te edastab maksete teostamiseks vajalikud isikuandmed volitatud t\u00f6\u00f6tleja Maksekeskus AS-le.<\/span><\/p>\n<p><span style=\"font-weight: 400;\">K\u00f5ik veebipoes toodud hinnad on v\u00e4lja tooded eurodes ja sisaldavad k\u00e4ibemaksu 20%.<\/span><\/p>\n<p><i><span style=\"font-weight: 400;\">2) Hinnad kehtivad tellimuse vormistamisest kuni vormistatud tellimuse makset\u00e4htaja aegumiseni (3 p\u00e4eva p\u00e4rast tellimuse vormistamist).<\/span><\/i><\/p>\n<p><i><span style=\"font-weight: 400;\">3) Kui tellimus on esitatud enne m\u00fc\u00fcgitingimuste v\u00f5i hindade muutmist, kohaldatakse Tarbija ja Veebipoe vahel tekkinud \u00f5igussuhetele tellimuse vormistamise ajal kehtinud tingimusi.<\/span><\/i><\/p>\n<p><i><span style=\"font-weight: 400;\">4) Veebipood tallinndesignhouse.com j\u00e4tab endale \u00f5iguse teha m\u00fc\u00fcgihindades muudatusi. Nimetatud muudatusi kajastatakse veebilehel.<\/span><\/i><\/p>\n<p><span style=\"font-weight: 400;\">Leping j\u00f5ustub registreerumise kinnitamisel.<\/span><\/p>\n<p><span style=\"font-weight: 400;\">Koolitusele registreerimise kinnitus ja arve edastatakse automaatselt peale ostu sootitamist Tellija poolt sisestaud e-maili aadressile. Kui kinnitust ei ole tulnud 24h jooksul, siis palume sellest m\u00e4rku anda e-posti aadressile info@inkubaator.ee.<\/span><\/p>\n<p><span style=\"font-weight: 400;\">Tellija kohustub esitama veebipoe kasutajaks registreerumisel t\u00f5esed isikuandmed, sh registreeruma oma \u00f5ige ja t\u00e4ieliku nime all ning kasutama kehtivat e\u00ad-posti aadressi.<\/span><\/p>\n<p><span style=\"font-weight: 400;\">Tellija on teadlik, et tal puudub M\u00fc\u00fcgilepingust taganemise \u00f5igus v\u00f5la\u00f5igusseaduse \u00a7 53 lg 4 p 72 2 kohaselt.<\/span><\/p>\n<p><span style=\"font-weight: 400;\">Kui teenust ei ole v\u00f5imalik osutada, teavitatakse ostjat sellest esimesel v\u00f5imalusel ning tagastatakse tasutud raha v\u00f5imalikult kiirelt, kuid mitte hiljem kui 14 p\u00e4eva jooksul teate saatmisest.<\/span><\/p>\n<p><b>Tellimuse muutmine<\/b><\/p>\n<p><span style=\"font-weight: 400;\">Koolituse, seminari v\u00f5i muu tasulise \u00fcrituse tellimust on v\u00f5imalik t\u00fchistada juhul, kui \u00fcrituse alguseni on j\u00e4\u00e4nud v\u00e4hemalt 48 tundi. Hiljem t\u00fchistatud tellimuse korral raha ei tagastata.<\/span><\/p>\n<p><span style=\"font-weight: 400;\">Tellimuse muutmiseks v\u00f5i selle t\u00fchistamiseks tuleb saata kiri e-posti aadressile info@inkubaator.ee.<\/span><\/p>\n<p><span style=\"font-weight: 400;\">Veebilehe omanik tagastab teenuse tellimuse t\u00fchistamisel teenuse eest juba varem makstud summa kauba ostjale mitte hiljem kui 14 kalendrip\u00e4eva m\u00f6\u00f6dumisel arvates taganemisavalduse saamisest.<\/span><\/p>\n<p><span style=\"font-weight: 400;\">Veebilehe omanikul on \u00f5igus taganeda m\u00fc\u00fcgitehingust ning t\u00fchistada tellimus, kui teenuse hind on veebipoes eksituse t\u00f5ttu m\u00e4rgitud oluliselt alla teenuse turuhinna.<\/span><\/p>\n<p><b>Pretensiooni esitamise \u00f5igus<\/b><\/p>\n<p><span style=\"font-weight: 400;\">Ostjal on \u00f5igus pretensiooni korral kuni 14 p\u00e4eva jooksul alates teenuse tarbimisest p\u00f6\u00f6rduda veebilehe omaniku poole, saates e-kirja aadressile <a href=\"mailto:info@inkubaator.ee\">info@inkubaator.ee<\/a>.\u00a0<\/span><\/p>\n<p><span style=\"font-weight: 400;\">Veebilehe omanik ei vastuta puuduste eest, mis on tekkinud ostja tegevuse, tegevusetuse v\u00f5i puudulikult edastatud informatsiooni t\u00f5ttu.<\/span><\/p>\n<p><span style=\"font-weight: 400;\">Veebilehe omanik vastab ostja esitatud kaebusele kirjalikult v\u00f5i kirjalikku taasesitamist v\u00f5imaldavas vormis 14 kalendrip\u00e4eva jooksul.<\/span><\/p>\n<p><b>Otseturustus ja isikuandmete t\u00f6\u00f6tlemine<\/b><\/p>\n<p><span style=\"font-weight: 400;\">Veebilehe omanik kasutab ostja poolt sisestatud isikuandmeid (sh nimi, telefoninumber, aadress, e-maili aadress, pangarekvisiidid) ainult tellimuse t\u00f6\u00f6tlemiseks ning teenuse osutamiseks.<\/span><\/p>\n<p><span style=\"font-weight: 400;\">Veebilehe omanik edastab isikuandmeid makselahenduse pakkujale, et v\u00f5imaldada maksete teostamist.<\/span><\/p>\n<p><span style=\"font-weight: 400;\">Veebilehe omanik saadab ostjale uudiskirju ning pakkumisi ostja e-maili aadressile ainult juhul, kui ostja on selleks avaldanud soovi sisestades veebilehel e-kirja aadressi ning andnud teada oma soovist otsepostituse teadete saamiseks.<\/span><\/p>\n<p><span style=\"font-weight: 400;\">Ostjal on igal ajal v\u00f5imalik loobuda e-postile saadetavatest pakkumistest ja uudiskirjadest andes sellest meile teada e-kirja teel v\u00f5i j\u00e4rgides uudiskirjas toodud juhiseid.<\/span><\/p>\n<p><b>Vaidluste lahendamine<\/b><\/p>\n<p><span style=\"font-weight: 400;\">Kui ostjal on veebilehe omaniku osas pretensioone, tuleb need saata e-kirja aadressile <a href=\"mailto:info@inkubaator.ee\">info@inkubaator.ee<\/a>.\u00a0<\/span><\/p>\n<p><span style=\"font-weight: 400;\">Kui ostja ja veebilehe omanik ei suuda lahenda vaidlust kokkuleppe teel, siis on ostjal v\u00f5imalik p\u00f6\u00f6rduda Tarbijavaidluste komisjoni poole. Tarbijavaidluste komisjoni p\u00e4devuses on lahendada ostja ja veebilehe omaniku vahel s\u00f5lmitud lepingust tulenevaid vaidlusi. Ostja kaebuse l\u00e4bivaatamine komisjonis on tasuta. Ostja v\u00f5ib p\u00f6\u00f6rduda Euroopa Liidu tarbijavaidlusi lahendava platvormi poole.<\/span><\/p>\n<p><span style=\"font-weight: 400;\">\u00a9 SA TALLINNA ETTEV\u00d5TLUSINKUBAATORID 2018<\/span><\/p>\n","protected":false},"excerpt":{"rendered":"<p>Veebilehe inkubaator.tallinn.ee (edaspidi Veebipood) omanik on SA Tallinna Ettev\u00f5tlusinkubaatoris (registrikood 90009231) asukohaga Kursi tn 3. M\u00fc\u00fcgilepingu kehtivus, teenuse- ja hinnainfo M\u00fc\u00fcgitingimused kehtivad veebilehe kaudu teenuste ostmisel. Veebilehel pakutavate teenuste hinnad on m\u00e4rgitud teenuse juurde. Teave teenuse kohta on esitatud veebilehel vahetult teenuse juures. Tellimuse vormistamine S\u00fcndmustele registreerudes tuleb valida sobiv s\u00fcndmus, vajutada Registreeri nupule, s\u00fcsteem kuvab sellel ajal ka \u00fcrituse tasu suurust, t\u00e4ita vajalikud andmev\u00e4ljad ning valida, kas maksta soovitakse arvega v\u00f5i pangalingiga. SA Tallinna Ettev\u00f5tlusinkubaatorid on isikuandmete vastutav t\u00f6\u00f6tleja, Teie ettev\u00f5te edastab maksete teostamiseks vajalikud isikuandmed volitatud t\u00f6\u00f6tleja Maksekeskus AS-le. K\u00f5ik veebipoes toodud hinnad on v\u00e4lja tooded eurodes ja\u2026<\/p>\n","protected":false},"author":1,"featured_media":0,"parent":0,"menu_order":0,"comment_status":"closed","ping_status":"closed","template":"","meta":{"_acf_changed":false,"footnotes":""},"class_list":["post-1309","page","type-page","status-publish","hentry"],"acf":[],"yoast_head":"<!-- This site is optimized with the Yoast SEO plugin v27.4 - https:\/\/yoast.com\/product\/yoast-seo-wordpress\/ -->\n<title>Terms and conditions - Tallinna Ettev\u00f5tlusinkubaator<\/title>\n<meta name=\"robots\" content=\"index, follow, max-snippet:-1, max-image-preview:large, max-video-preview:-1\" \/>\n<link rel=\"canonical\" href=\"https:\/\/inkubaator.tallinn.ee\/en\/terms-and-conditions\/\" \/>\n<meta property=\"og:locale\" content=\"en_US\" \/>\n<meta property=\"og:type\" content=\"article\" \/>\n<meta property=\"og:title\" content=\"Terms and conditions - Tallinna Ettev\u00f5tlusinkubaator\" \/>\n<meta property=\"og:description\" content=\"Veebilehe inkubaator.tallinn.ee (edaspidi Veebipood) omanik on SA Tallinna Ettev\u00f5tlusinkubaatoris (registrikood 90009231) asukohaga Kursi tn 3. M\u00fc\u00fcgilepingu kehtivus, teenuse- ja hinnainfo M\u00fc\u00fcgitingimused kehtivad veebilehe kaudu teenuste ostmisel. Veebilehel pakutavate teenuste hinnad on m\u00e4rgitud teenuse juurde. Teave teenuse kohta on esitatud veebilehel vahetult teenuse juures. Tellimuse vormistamine S\u00fcndmustele registreerudes tuleb valida sobiv s\u00fcndmus, vajutada Registreeri nupule, s\u00fcsteem kuvab sellel ajal ka \u00fcrituse tasu suurust, t\u00e4ita vajalikud andmev\u00e4ljad ning valida, kas maksta soovitakse arvega v\u00f5i pangalingiga. SA Tallinna Ettev\u00f5tlusinkubaatorid on isikuandmete vastutav t\u00f6\u00f6tleja, Teie ettev\u00f5te edastab maksete teostamiseks vajalikud isikuandmed volitatud t\u00f6\u00f6tleja Maksekeskus AS-le. K\u00f5ik veebipoes toodud hinnad on v\u00e4lja tooded eurodes ja\u2026\" \/>\n<meta property=\"og:url\" content=\"https:\/\/inkubaator.tallinn.ee\/en\/terms-and-conditions\/\" \/>\n<meta property=\"og:site_name\" content=\"Tallinna Ettev\u00f5tlusinkubaator\" \/>\n<meta property=\"article:modified_time\" content=\"2025-02-25T14:44:04+00:00\" \/>\n<meta property=\"og:image\" content=\"https:\/\/inkubaator.tallinn.ee\/wp-content\/uploads\/2024\/08\/og-image-1.png\" \/>\n\t<meta property=\"og:image:width\" content=\"1200\" \/>\n\t<meta property=\"og:image:height\" content=\"630\" \/>\n\t<meta property=\"og:image:type\" content=\"image\/png\" \/>\n<meta name=\"twitter:card\" content=\"summary_large_image\" \/>\n<meta name=\"twitter:label1\" content=\"Est. reading time\" \/>\n\t<meta name=\"twitter:data1\" content=\"3 minutes\" \/>\n<script type=\"application\/ld+json\" class=\"yoast-schema-graph\">{\"@context\":\"https:\\\/\\\/schema.org\",\"@graph\":[{\"@type\":\"WebPage\",\"@id\":\"https:\\\/\\\/inkubaator.tallinn.ee\\\/en\\\/terms-and-conditions\\\/\",\"url\":\"https:\\\/\\\/inkubaator.tallinn.ee\\\/en\\\/terms-and-conditions\\\/\",\"name\":\"Terms and conditions - Tallinna Ettev\u00f5tlusinkubaator\",\"isPartOf\":{\"@id\":\"https:\\\/\\\/inkubaator.tallinn.ee\\\/#website\"},\"datePublished\":\"2018-11-28T08:17:37+00:00\",\"dateModified\":\"2025-02-25T14:44:04+00:00\",\"breadcrumb\":{\"@id\":\"https:\\\/\\\/inkubaator.tallinn.ee\\\/en\\\/terms-and-conditions\\\/#breadcrumb\"},\"inLanguage\":\"en-US\",\"potentialAction\":[{\"@type\":\"ReadAction\",\"target\":[\"https:\\\/\\\/inkubaator.tallinn.ee\\\/en\\\/terms-and-conditions\\\/\"]}]},{\"@type\":\"BreadcrumbList\",\"@id\":\"https:\\\/\\\/inkubaator.tallinn.ee\\\/en\\\/terms-and-conditions\\\/#breadcrumb\",\"itemListElement\":[{\"@type\":\"ListItem\",\"position\":1,\"name\":\"Home\",\"item\":\"https:\\\/\\\/inkubaator.tallinn.ee\\\/\"},{\"@type\":\"ListItem\",\"position\":2,\"name\":\"Terms and conditions\"}]},{\"@type\":\"WebSite\",\"@id\":\"https:\\\/\\\/inkubaator.tallinn.ee\\\/#website\",\"url\":\"https:\\\/\\\/inkubaator.tallinn.ee\\\/\",\"name\":\"Tallinna Ettev\u00f5tlusinkubaator\",\"description\":\"Loo enda edulugu\",\"publisher\":{\"@id\":\"https:\\\/\\\/inkubaator.tallinn.ee\\\/#organization\"},\"potentialAction\":[{\"@type\":\"SearchAction\",\"target\":{\"@type\":\"EntryPoint\",\"urlTemplate\":\"https:\\\/\\\/inkubaator.tallinn.ee\\\/?s={search_term_string}\"},\"query-input\":{\"@type\":\"PropertyValueSpecification\",\"valueRequired\":true,\"valueName\":\"search_term_string\"}}],\"inLanguage\":\"en-US\"},{\"@type\":\"Organization\",\"@id\":\"https:\\\/\\\/inkubaator.tallinn.ee\\\/#organization\",\"name\":\"Tallinna Ettev\u00f5tlusinkubaator\",\"url\":\"https:\\\/\\\/inkubaator.tallinn.ee\\\/\",\"logo\":{\"@type\":\"ImageObject\",\"inLanguage\":\"en-US\",\"@id\":\"https:\\\/\\\/inkubaator.tallinn.ee\\\/#\\\/schema\\\/logo\\\/image\\\/\",\"url\":\"https:\\\/\\\/inkubaator.tallinn.ee\\\/wp-content\\\/uploads\\\/2024\\\/08\\\/favicon.webp\",\"contentUrl\":\"https:\\\/\\\/inkubaator.tallinn.ee\\\/wp-content\\\/uploads\\\/2024\\\/08\\\/favicon.webp\",\"width\":512,\"height\":512,\"caption\":\"Tallinna Ettev\u00f5tlusinkubaator\"},\"image\":{\"@id\":\"https:\\\/\\\/inkubaator.tallinn.ee\\\/#\\\/schema\\\/logo\\\/image\\\/\"}}]}<\/script>\n<!-- \/ Yoast SEO plugin. -->","yoast_head_json":{"title":"Terms and conditions - Tallinna Ettev\u00f5tlusinkubaator","robots":{"index":"index","follow":"follow","max-snippet":"max-snippet:-1","max-image-preview":"max-image-preview:large","max-video-preview":"max-video-preview:-1"},"canonical":"https:\/\/inkubaator.tallinn.ee\/en\/terms-and-conditions\/","og_locale":"en_US","og_type":"article","og_title":"Terms and conditions - Tallinna Ettev\u00f5tlusinkubaator","og_description":"Veebilehe inkubaator.tallinn.ee (edaspidi Veebipood) omanik on SA Tallinna Ettev\u00f5tlusinkubaatoris (registrikood 90009231) asukohaga Kursi tn 3. M\u00fc\u00fcgilepingu kehtivus, teenuse- ja hinnainfo M\u00fc\u00fcgitingimused kehtivad veebilehe kaudu teenuste ostmisel. Veebilehel pakutavate teenuste hinnad on m\u00e4rgitud teenuse juurde. Teave teenuse kohta on esitatud veebilehel vahetult teenuse juures. Tellimuse vormistamine S\u00fcndmustele registreerudes tuleb valida sobiv s\u00fcndmus, vajutada Registreeri nupule, s\u00fcsteem kuvab sellel ajal ka \u00fcrituse tasu suurust, t\u00e4ita vajalikud andmev\u00e4ljad ning valida, kas maksta soovitakse arvega v\u00f5i pangalingiga. SA Tallinna Ettev\u00f5tlusinkubaatorid on isikuandmete vastutav t\u00f6\u00f6tleja, Teie ettev\u00f5te edastab maksete teostamiseks vajalikud isikuandmed volitatud t\u00f6\u00f6tleja Maksekeskus AS-le. K\u00f5ik veebipoes toodud hinnad on v\u00e4lja tooded eurodes ja\u2026","og_url":"https:\/\/inkubaator.tallinn.ee\/en\/terms-and-conditions\/","og_site_name":"Tallinna Ettev\u00f5tlusinkubaator","article_modified_time":"2025-02-25T14:44:04+00:00","og_image":[{"width":1200,"height":630,"url":"https:\/\/inkubaator.tallinn.ee\/wp-content\/uploads\/2024\/08\/og-image-1.png","type":"image\/png"}],"twitter_card":"summary_large_image","twitter_misc":{"Est. reading time":"3 minutes"},"schema":{"@context":"https:\/\/schema.org","@graph":[{"@type":"WebPage","@id":"https:\/\/inkubaator.tallinn.ee\/en\/terms-and-conditions\/","url":"https:\/\/inkubaator.tallinn.ee\/en\/terms-and-conditions\/","name":"Terms and conditions - Tallinna Ettev\u00f5tlusinkubaator","isPartOf":{"@id":"https:\/\/inkubaator.tallinn.ee\/#website"},"datePublished":"2018-11-28T08:17:37+00:00","dateModified":"2025-02-25T14:44:04+00:00","breadcrumb":{"@id":"https:\/\/inkubaator.tallinn.ee\/en\/terms-and-conditions\/#breadcrumb"},"inLanguage":"en-US","potentialAction":[{"@type":"ReadAction","target":["https:\/\/inkubaator.tallinn.ee\/en\/terms-and-conditions\/"]}]},{"@type":"BreadcrumbList","@id":"https:\/\/inkubaator.tallinn.ee\/en\/terms-and-conditions\/#breadcrumb","itemListElement":[{"@type":"ListItem","position":1,"name":"Home","item":"https:\/\/inkubaator.tallinn.ee\/"},{"@type":"ListItem","position":2,"name":"Terms and conditions"}]},{"@type":"WebSite","@id":"https:\/\/inkubaator.tallinn.ee\/#website","url":"https:\/\/inkubaator.tallinn.ee\/","name":"Tallinna Ettev\u00f5tlusinkubaator","description":"Loo enda edulugu","publisher":{"@id":"https:\/\/inkubaator.tallinn.ee\/#organization"},"potentialAction":[{"@type":"SearchAction","target":{"@type":"EntryPoint","urlTemplate":"https:\/\/inkubaator.tallinn.ee\/?s={search_term_string}"},"query-input":{"@type":"PropertyValueSpecification","valueRequired":true,"valueName":"search_term_string"}}],"inLanguage":"en-US"},{"@type":"Organization","@id":"https:\/\/inkubaator.tallinn.ee\/#organization","name":"Tallinna Ettev\u00f5tlusinkubaator","url":"https:\/\/inkubaator.tallinn.ee\/","logo":{"@type":"ImageObject","inLanguage":"en-US","@id":"https:\/\/inkubaator.tallinn.ee\/#\/schema\/logo\/image\/","url":"https:\/\/inkubaator.tallinn.ee\/wp-content\/uploads\/2024\/08\/favicon.webp","contentUrl":"https:\/\/inkubaator.tallinn.ee\/wp-content\/uploads\/2024\/08\/favicon.webp","width":512,"height":512,"caption":"Tallinna Ettev\u00f5tlusinkubaator"},"image":{"@id":"https:\/\/inkubaator.tallinn.ee\/#\/schema\/logo\/image\/"}}]}},"_links":{"self":[{"href":"https:\/\/inkubaator.tallinn.ee\/en\/wp-json\/wp\/v2\/pages\/1309","targetHints":{"allow":["GET"]}}],"collection":[{"href":"https:\/\/inkubaator.tallinn.ee\/en\/wp-json\/wp\/v2\/pages"}],"about":[{"href":"https:\/\/inkubaator.tallinn.ee\/en\/wp-json\/wp\/v2\/types\/page"}],"author":[{"embeddable":true,"href":"https:\/\/inkubaator.tallinn.ee\/en\/wp-json\/wp\/v2\/users\/1"}],"replies":[{"embeddable":true,"href":"https:\/\/inkubaator.tallinn.ee\/en\/wp-json\/wp\/v2\/comments?post=1309"}],"version-history":[{"count":3,"href":"https:\/\/inkubaator.tallinn.ee\/en\/wp-json\/wp\/v2\/pages\/1309\/revisions"}],"predecessor-version":[{"id":19431,"href":"https:\/\/inkubaator.tallinn.ee\/en\/wp-json\/wp\/v2\/pages\/1309\/revisions\/19431"}],"wp:attachment":[{"href":"https:\/\/inkubaator.tallinn.ee\/en\/wp-json\/wp\/v2\/media?parent=1309"}],"curies":[{"name":"wp","href":"https:\/\/api.w.org\/{rel}","templated":true}]}}